{"id":282,"date":"2021-03-27T13:29:15","date_gmt":"2021-03-27T13:29:15","guid":{"rendered":"https:\/\/www.beta-iks.pl\/?page_id=282"},"modified":"2023-07-11T18:09:54","modified_gmt":"2023-07-11T16:09:54","slug":"matematyka-w-internecie","status":"publish","type":"page","link":"https:\/\/www.beta-iks.pl\/index.php\/matematyka-w-internecie\/","title":{"rendered":"MATEMATYKA W INTERNECIE"},"content":{"rendered":"<p>Po polsku<br \/>\n1. <a href=\"https:\/\/www.matematyka.pl\" target=\"_blank\" rel=\"noopener\">www.matematyka.pl<\/a> &#8211; najwi\u0119ksze polskie forum matematyczne.<br \/>\n2. <a href=\"https:\/\/zadania.info\" target=\"_blank\" rel=\"noopener\">zadania.info<\/a> &#8211; najwi\u0119kszy zbi\u00f3r zada\u0144. Pozycja obowi\u0105zkowa dla ka\u017cdego ucznia.<br \/>\n3. <a href=\"https:\/\/byc-matematykiem.pl\/\" target=\"_blank\" rel=\"noopener\">byc-matematykiem.pl<\/a> &#8211; ciekawyblog prowadzony przez dr. hab. Szymona W\u0105sowicza, na kt\u00f3rym mo\u017cna, opr\u00f3cz tre\u015bci czysto matematycznych, poczyta\u0107 te\u017c o tym jak to jest ,,by\u0107 matematykiem&#8221;.<\/p>\n<p>Po angielsku<br \/>\n1. <a href=\"https:\/\/www.youtube.com\/channel\/UCYO_jab_esuFRV4b17AJtAw\" target=\"_blank\" rel=\"noopener\">3blue1brown<\/a> &#8211; \u015bwietny kana\u0142 na youtube prowadzony przez Granta Sandersona.<br \/>\n2. <a href=\"https:\/\/math.stackexchange.com\/\" target=\"_blank\" rel=\"noopener\">Mathematics Stack Exchange<\/a> &#8211; \u015bwietne angloj\u0119zyczne forum matematyczne. Przeznaczone dla student\u00f3w matematyki oraz profesjonalnych matematyk\u00f3w.<br \/>\n3. <a href=\"https:\/\/mathoverflow.net\/\" target=\"_blank\" rel=\"noopener\">MathOverflow<\/a> &#8211; r\u00f3wnie\u017c angloj\u0119zyczne forum przeznaczone bardziej dla profesjonalnych matematyk\u00f3w.<\/p>\n","protected":false},"excerpt":{"rendered":"<p>Po polsku 1. www.matematyka.pl &#8211; najwi\u0119ksze polskie forum matematyczne. 2. zadania.info &#8211; najwi\u0119kszy zbi\u00f3r zada\u0144. Pozycja obowi\u0105zkowa dla ka\u017cdego ucznia. 3. byc-matematykiem.pl &#8211; ciekawyblog prowadzony przez dr. hab. Szymona W\u0105sowicza, na kt\u00f3rym mo\u017cna, opr\u00f3cz tre\u015bci<\/p>\n","protected":false},"author":1,"featured_media":0,"parent":0,"menu_order":0,"comment_status":"closed","ping_status":"closed","template":"","meta":{"footnotes":""},"yoast_head":"<!-- This site is optimized with the Yoast SEO plugin v22.4 - https:\/\/yoast.com\/wordpress\/plugins\/seo\/ -->\n<title>MATEMATYKA W INTERNECIE<\/title>\n<meta name=\"robots\" content=\"index, follow, max-snippet:-1, max-image-preview:large, max-video-preview:-1\" \/>\n<link rel=\"canonical\" href=\"https:\/\/www.beta-iks.pl\/index.php\/matematyka-w-internecie\/\" \/>\n<meta property=\"og:locale\" content=\"pl_PL\" \/>\n<meta property=\"og:type\" content=\"article\" \/>\n<meta property=\"og:title\" content=\"MATEMATYKA W INTERNECIE\" \/>\n<meta property=\"og:description\" content=\"Po polsku 1. www.matematyka.pl &#8211; najwi\u0119ksze polskie forum matematyczne. 2. zadania.info &#8211; najwi\u0119kszy zbi\u00f3r zada\u0144. Pozycja obowi\u0105zkowa dla ka\u017cdego ucznia. 3. byc-matematykiem.pl &#8211; ciekawyblog prowadzony przez dr. hab. Szymona W\u0105sowicza, na kt\u00f3rym mo\u017cna, opr\u00f3cz tre\u015bci\" \/>\n<meta property=\"og:url\" content=\"https:\/\/www.beta-iks.pl\/index.php\/matematyka-w-internecie\/\" \/>\n<meta property=\"og:site_name\" content=\"&beta;X - blog o matematyce\" \/>\n<meta property=\"article:modified_time\" content=\"2023-07-11T16:09:54+00:00\" \/>\n<meta name=\"twitter:card\" content=\"summary_large_image\" \/>\n<meta name=\"twitter:label1\" content=\"Szacowany czas czytania\" \/>\n\t<meta name=\"twitter:data1\" content=\"1 minuta\" \/>\n<script type=\"application\/ld+json\" class=\"yoast-schema-graph\">{\"@context\":\"https:\/\/schema.org\",\"@graph\":[{\"@type\":\"WebPage\",\"@id\":\"https:\/\/www.beta-iks.pl\/index.php\/matematyka-w-internecie\/\",\"url\":\"https:\/\/www.beta-iks.pl\/index.php\/matematyka-w-internecie\/\",\"name\":\"MATEMATYKA W INTERNECIE\",\"isPartOf\":{\"@id\":\"https:\/\/www.beta-iks.pl\/#website\"},\"datePublished\":\"2021-03-27T13:29:15+00:00\",\"dateModified\":\"2023-07-11T16:09:54+00:00\",\"breadcrumb\":{\"@id\":\"https:\/\/www.beta-iks.pl\/index.php\/matematyka-w-internecie\/#breadcrumb\"},\"inLanguage\":\"pl-PL\",\"potentialAction\":[{\"@type\":\"ReadAction\",\"target\":[\"https:\/\/www.beta-iks.pl\/index.php\/matematyka-w-internecie\/\"]}]},{\"@type\":\"BreadcrumbList\",\"@id\":\"https:\/\/www.beta-iks.pl\/index.php\/matematyka-w-internecie\/#breadcrumb\",\"itemListElement\":[{\"@type\":\"ListItem\",\"position\":1,\"name\":\"Blog o matematyce\",\"item\":\"https:\/\/www.beta-iks.pl\/\"},{\"@type\":\"ListItem\",\"position\":2,\"name\":\"MATEMATYKA W INTERNECIE\"}]},{\"@type\":\"WebSite\",\"@id\":\"https:\/\/www.beta-iks.pl\/#website\",\"url\":\"https:\/\/www.beta-iks.pl\/\",\"name\":\"&beta;X - blog o matematyce\",\"description\":\"\",\"publisher\":{\"@id\":\"https:\/\/www.beta-iks.pl\/#\/schema\/person\/1b106a5d7ab55666c39af533243b8970\"},\"potentialAction\":[{\"@type\":\"SearchAction\",\"target\":{\"@type\":\"EntryPoint\",\"urlTemplate\":\"https:\/\/www.beta-iks.pl\/?s={search_term_string}\"},\"query-input\":\"required name=search_term_string\"}],\"inLanguage\":\"pl-PL\"},{\"@type\":[\"Person\",\"Organization\"],\"@id\":\"https:\/\/www.beta-iks.pl\/#\/schema\/person\/1b106a5d7ab55666c39af533243b8970\",\"name\":\"\u03b2X\",\"image\":{\"@type\":\"ImageObject\",\"inLanguage\":\"pl-PL\",\"@id\":\"https:\/\/www.beta-iks.pl\/#\/schema\/person\/image\/\",\"url\":\"https:\/\/secure.gravatar.com\/avatar\/b350a81506ba3d3e614eea686a1f7bf6?s=96&d=mm&r=g\",\"contentUrl\":\"https:\/\/secure.gravatar.com\/avatar\/b350a81506ba3d3e614eea686a1f7bf6?s=96&d=mm&r=g\",\"caption\":\"\u03b2X\"},\"logo\":{\"@id\":\"https:\/\/www.beta-iks.pl\/#\/schema\/person\/image\/\"},\"sameAs\":[\"https:\/\/www.beta-iks.pl\"]}]}<\/script>\n<!-- \/ Yoast SEO plugin. -->","yoast_head_json":{"title":"MATEMATYKA W INTERNECIE","robots":{"index":"index","follow":"follow","max-snippet":"max-snippet:-1","max-image-preview":"max-image-preview:large","max-video-preview":"max-video-preview:-1"},"canonical":"https:\/\/www.beta-iks.pl\/index.php\/matematyka-w-internecie\/","og_locale":"pl_PL","og_type":"article","og_title":"MATEMATYKA W INTERNECIE","og_description":"Po polsku 1. www.matematyka.pl &#8211; najwi\u0119ksze polskie forum matematyczne. 2. zadania.info &#8211; najwi\u0119kszy zbi\u00f3r zada\u0144. Pozycja obowi\u0105zkowa dla ka\u017cdego ucznia. 3. byc-matematykiem.pl &#8211; ciekawyblog prowadzony przez dr. hab. Szymona W\u0105sowicza, na kt\u00f3rym mo\u017cna, opr\u00f3cz tre\u015bci","og_url":"https:\/\/www.beta-iks.pl\/index.php\/matematyka-w-internecie\/","og_site_name":"&beta;X - blog o matematyce","article_modified_time":"2023-07-11T16:09:54+00:00","twitter_card":"summary_large_image","twitter_misc":{"Szacowany czas czytania":"1 minuta"},"schema":{"@context":"https:\/\/schema.org","@graph":[{"@type":"WebPage","@id":"https:\/\/www.beta-iks.pl\/index.php\/matematyka-w-internecie\/","url":"https:\/\/www.beta-iks.pl\/index.php\/matematyka-w-internecie\/","name":"MATEMATYKA W INTERNECIE","isPartOf":{"@id":"https:\/\/www.beta-iks.pl\/#website"},"datePublished":"2021-03-27T13:29:15+00:00","dateModified":"2023-07-11T16:09:54+00:00","breadcrumb":{"@id":"https:\/\/www.beta-iks.pl\/index.php\/matematyka-w-internecie\/#breadcrumb"},"inLanguage":"pl-PL","potentialAction":[{"@type":"ReadAction","target":["https:\/\/www.beta-iks.pl\/index.php\/matematyka-w-internecie\/"]}]},{"@type":"BreadcrumbList","@id":"https:\/\/www.beta-iks.pl\/index.php\/matematyka-w-internecie\/#breadcrumb","itemListElement":[{"@type":"ListItem","position":1,"name":"Blog o matematyce","item":"https:\/\/www.beta-iks.pl\/"},{"@type":"ListItem","position":2,"name":"MATEMATYKA W INTERNECIE"}]},{"@type":"WebSite","@id":"https:\/\/www.beta-iks.pl\/#website","url":"https:\/\/www.beta-iks.pl\/","name":"&beta;X - blog o matematyce","description":"","publisher":{"@id":"https:\/\/www.beta-iks.pl\/#\/schema\/person\/1b106a5d7ab55666c39af533243b8970"},"potentialAction":[{"@type":"SearchAction","target":{"@type":"EntryPoint","urlTemplate":"https:\/\/www.beta-iks.pl\/?s={search_term_string}"},"query-input":"required name=search_term_string"}],"inLanguage":"pl-PL"},{"@type":["Person","Organization"],"@id":"https:\/\/www.beta-iks.pl\/#\/schema\/person\/1b106a5d7ab55666c39af533243b8970","name":"\u03b2X","image":{"@type":"ImageObject","inLanguage":"pl-PL","@id":"https:\/\/www.beta-iks.pl\/#\/schema\/person\/image\/","url":"https:\/\/secure.gravatar.com\/avatar\/b350a81506ba3d3e614eea686a1f7bf6?s=96&d=mm&r=g","contentUrl":"https:\/\/secure.gravatar.com\/avatar\/b350a81506ba3d3e614eea686a1f7bf6?s=96&d=mm&r=g","caption":"\u03b2X"},"logo":{"@id":"https:\/\/www.beta-iks.pl\/#\/schema\/person\/image\/"},"sameAs":["https:\/\/www.beta-iks.pl"]}]}},"_links":{"self":[{"href":"https:\/\/www.beta-iks.pl\/index.php\/wp-json\/wp\/v2\/pages\/282"}],"collection":[{"href":"https:\/\/www.beta-iks.pl\/index.php\/wp-json\/wp\/v2\/pages"}],"about":[{"href":"https:\/\/www.beta-iks.pl\/index.php\/wp-json\/wp\/v2\/types\/page"}],"author":[{"embeddable":true,"href":"https:\/\/www.beta-iks.pl\/index.php\/wp-json\/wp\/v2\/users\/1"}],"replies":[{"embeddable":true,"href":"https:\/\/www.beta-iks.pl\/index.php\/wp-json\/wp\/v2\/comments?post=282"}],"version-history":[{"count":5,"href":"https:\/\/www.beta-iks.pl\/index.php\/wp-json\/wp\/v2\/pages\/282\/revisions"}],"predecessor-version":[{"id":2099,"href":"https:\/\/www.beta-iks.pl\/index.php\/wp-json\/wp\/v2\/pages\/282\/revisions\/2099"}],"wp:attachment":[{"href":"https:\/\/www.beta-iks.pl\/index.php\/wp-json\/wp\/v2\/media?parent=282"}],"curies":[{"name":"wp","href":"https:\/\/api.w.org\/{rel}","templated":true}]}}