{"id":215,"date":"2021-03-21T15:40:14","date_gmt":"2021-03-21T15:40:14","guid":{"rendered":"https:\/\/www.beta-iks.pl\/?page_id=215"},"modified":"2023-08-15T23:05:47","modified_gmt":"2023-08-15T21:05:47","slug":"o-blogu","status":"publish","type":"page","link":"https:\/\/www.beta-iks.pl\/index.php\/o-blogu\/","title":{"rendered":"O blogu"},"content":{"rendered":"<p style=\"line-height: 1.2;\">\nCze\u015b\u0107,<br \/>\nnazywam si\u0119 Pawe\u0142 i mi\u0142o mi, \u017ce zawita\u0142a\u015b\/e\u015b na ten blog po\u015bwi\u0119cony matematyce. Celem jego powstania jest pokazanie, \u017ce matematyka potrafi by\u0107 ciekawa oraz ma liczne zastosowania. Mam nadziej\u0119, \u017ce prezentowane tutaj tre\u015bci Ci si\u0119 spodobaj\u0105. B\u0119d\u0119 wdzi\u0119czny za wszelkie informacje zwrotne oraz opinie.<\/p>\n<p style=\"line-height: 1.2;\">Je\u017celi uwa\u017casz, \u017ce w kt\u00f3rym\u015b wpisie pope\u0142ni\u0142em b\u0142\u0105d (bo kt\u00f3\u017c ich nie pope\u0142nia) lub, \u017ce warto co\u015b w danym temacie doda\u0107\/zmieni\u0107, to daj zna\u0107.<\/p>\n<h4>bx@beta-iks.pl<\/h4>\n","protected":false},"excerpt":{"rendered":"<p>Cze\u015b\u0107, nazywam si\u0119 Pawe\u0142 i mi\u0142o mi, \u017ce zawita\u0142a\u015b\/e\u015b na ten blog po\u015bwi\u0119cony matematyce. Celem jego powstania jest pokazanie, \u017ce matematyka potrafi by\u0107 ciekawa oraz ma liczne zastosowania. Mam nadziej\u0119, \u017ce prezentowane tutaj tre\u015bci Ci<\/p>\n","protected":false},"author":1,"featured_media":0,"parent":0,"menu_order":0,"comment_status":"closed","ping_status":"closed","template":"","meta":{"footnotes":""},"yoast_head":"<!-- This site is optimized with the Yoast SEO plugin v22.4 - https:\/\/yoast.com\/wordpress\/plugins\/seo\/ -->\n<title>&beta;X - blog o matematyce<\/title>\n<meta name=\"description\" content=\"Blog o matematyce i tematach z ni\u0105 zwi\u0105zanych.\" \/>\n<meta name=\"robots\" content=\"index, follow, max-snippet:-1, max-image-preview:large, max-video-preview:-1\" \/>\n<link rel=\"canonical\" href=\"https:\/\/www.beta-iks.pl\/index.php\/o-blogu\/\" \/>\n<meta property=\"og:locale\" content=\"pl_PL\" \/>\n<meta property=\"og:type\" content=\"article\" \/>\n<meta property=\"og:title\" content=\"&beta;X - blog o matematyce\" \/>\n<meta property=\"og:description\" content=\"Blog o matematyce i tematach z ni\u0105 zwi\u0105zanych.\" \/>\n<meta property=\"og:url\" content=\"https:\/\/www.beta-iks.pl\/index.php\/o-blogu\/\" \/>\n<meta property=\"og:site_name\" content=\"&beta;X - blog o matematyce\" \/>\n<meta property=\"article:modified_time\" content=\"2023-08-15T21:05:47+00:00\" \/>\n<meta name=\"twitter:card\" content=\"summary_large_image\" \/>\n<meta name=\"twitter:label1\" content=\"Szacowany czas czytania\" \/>\n\t<meta name=\"twitter:data1\" content=\"1 minuta\" \/>\n<script type=\"application\/ld+json\" class=\"yoast-schema-graph\">{\"@context\":\"https:\/\/schema.org\",\"@graph\":[{\"@type\":\"WebPage\",\"@id\":\"https:\/\/www.beta-iks.pl\/index.php\/o-blogu\/\",\"url\":\"https:\/\/www.beta-iks.pl\/index.php\/o-blogu\/\",\"name\":\"&beta;X - blog o matematyce\",\"isPartOf\":{\"@id\":\"https:\/\/www.beta-iks.pl\/#website\"},\"datePublished\":\"2021-03-21T15:40:14+00:00\",\"dateModified\":\"2023-08-15T21:05:47+00:00\",\"description\":\"Blog o matematyce i tematach z ni\u0105 zwi\u0105zanych.\",\"breadcrumb\":{\"@id\":\"https:\/\/www.beta-iks.pl\/index.php\/o-blogu\/#breadcrumb\"},\"inLanguage\":\"pl-PL\",\"potentialAction\":[{\"@type\":\"ReadAction\",\"target\":[\"https:\/\/www.beta-iks.pl\/index.php\/o-blogu\/\"]}]},{\"@type\":\"BreadcrumbList\",\"@id\":\"https:\/\/www.beta-iks.pl\/index.php\/o-blogu\/#breadcrumb\",\"itemListElement\":[{\"@type\":\"ListItem\",\"position\":1,\"name\":\"Blog o matematyce\",\"item\":\"https:\/\/www.beta-iks.pl\/\"},{\"@type\":\"ListItem\",\"position\":2,\"name\":\"Blog o matematyce\"}]},{\"@type\":\"WebSite\",\"@id\":\"https:\/\/www.beta-iks.pl\/#website\",\"url\":\"https:\/\/www.beta-iks.pl\/\",\"name\":\"&beta;X - blog o matematyce\",\"description\":\"\",\"publisher\":{\"@id\":\"https:\/\/www.beta-iks.pl\/#\/schema\/person\/1b106a5d7ab55666c39af533243b8970\"},\"potentialAction\":[{\"@type\":\"SearchAction\",\"target\":{\"@type\":\"EntryPoint\",\"urlTemplate\":\"https:\/\/www.beta-iks.pl\/?s={search_term_string}\"},\"query-input\":\"required name=search_term_string\"}],\"inLanguage\":\"pl-PL\"},{\"@type\":[\"Person\",\"Organization\"],\"@id\":\"https:\/\/www.beta-iks.pl\/#\/schema\/person\/1b106a5d7ab55666c39af533243b8970\",\"name\":\"\u03b2X\",\"image\":{\"@type\":\"ImageObject\",\"inLanguage\":\"pl-PL\",\"@id\":\"https:\/\/www.beta-iks.pl\/#\/schema\/person\/image\/\",\"url\":\"https:\/\/secure.gravatar.com\/avatar\/b350a81506ba3d3e614eea686a1f7bf6?s=96&d=mm&r=g\",\"contentUrl\":\"https:\/\/secure.gravatar.com\/avatar\/b350a81506ba3d3e614eea686a1f7bf6?s=96&d=mm&r=g\",\"caption\":\"\u03b2X\"},\"logo\":{\"@id\":\"https:\/\/www.beta-iks.pl\/#\/schema\/person\/image\/\"},\"sameAs\":[\"https:\/\/www.beta-iks.pl\"]}]}<\/script>\n<!-- \/ Yoast SEO plugin. -->","yoast_head_json":{"title":"&beta;X - blog o matematyce","description":"Blog o matematyce i tematach z ni\u0105 zwi\u0105zanych.","robots":{"index":"index","follow":"follow","max-snippet":"max-snippet:-1","max-image-preview":"max-image-preview:large","max-video-preview":"max-video-preview:-1"},"canonical":"https:\/\/www.beta-iks.pl\/index.php\/o-blogu\/","og_locale":"pl_PL","og_type":"article","og_title":"&beta;X - blog o matematyce","og_description":"Blog o matematyce i tematach z ni\u0105 zwi\u0105zanych.","og_url":"https:\/\/www.beta-iks.pl\/index.php\/o-blogu\/","og_site_name":"&beta;X - blog o matematyce","article_modified_time":"2023-08-15T21:05:47+00:00","twitter_card":"summary_large_image","twitter_misc":{"Szacowany czas czytania":"1 minuta"},"schema":{"@context":"https:\/\/schema.org","@graph":[{"@type":"WebPage","@id":"https:\/\/www.beta-iks.pl\/index.php\/o-blogu\/","url":"https:\/\/www.beta-iks.pl\/index.php\/o-blogu\/","name":"&beta;X - blog o matematyce","isPartOf":{"@id":"https:\/\/www.beta-iks.pl\/#website"},"datePublished":"2021-03-21T15:40:14+00:00","dateModified":"2023-08-15T21:05:47+00:00","description":"Blog o matematyce i tematach z ni\u0105 zwi\u0105zanych.","breadcrumb":{"@id":"https:\/\/www.beta-iks.pl\/index.php\/o-blogu\/#breadcrumb"},"inLanguage":"pl-PL","potentialAction":[{"@type":"ReadAction","target":["https:\/\/www.beta-iks.pl\/index.php\/o-blogu\/"]}]},{"@type":"BreadcrumbList","@id":"https:\/\/www.beta-iks.pl\/index.php\/o-blogu\/#breadcrumb","itemListElement":[{"@type":"ListItem","position":1,"name":"Blog o matematyce","item":"https:\/\/www.beta-iks.pl\/"},{"@type":"ListItem","position":2,"name":"Blog o matematyce"}]},{"@type":"WebSite","@id":"https:\/\/www.beta-iks.pl\/#website","url":"https:\/\/www.beta-iks.pl\/","name":"&beta;X - blog o matematyce","description":"","publisher":{"@id":"https:\/\/www.beta-iks.pl\/#\/schema\/person\/1b106a5d7ab55666c39af533243b8970"},"potentialAction":[{"@type":"SearchAction","target":{"@type":"EntryPoint","urlTemplate":"https:\/\/www.beta-iks.pl\/?s={search_term_string}"},"query-input":"required name=search_term_string"}],"inLanguage":"pl-PL"},{"@type":["Person","Organization"],"@id":"https:\/\/www.beta-iks.pl\/#\/schema\/person\/1b106a5d7ab55666c39af533243b8970","name":"\u03b2X","image":{"@type":"ImageObject","inLanguage":"pl-PL","@id":"https:\/\/www.beta-iks.pl\/#\/schema\/person\/image\/","url":"https:\/\/secure.gravatar.com\/avatar\/b350a81506ba3d3e614eea686a1f7bf6?s=96&d=mm&r=g","contentUrl":"https:\/\/secure.gravatar.com\/avatar\/b350a81506ba3d3e614eea686a1f7bf6?s=96&d=mm&r=g","caption":"\u03b2X"},"logo":{"@id":"https:\/\/www.beta-iks.pl\/#\/schema\/person\/image\/"},"sameAs":["https:\/\/www.beta-iks.pl"]}]}},"_links":{"self":[{"href":"https:\/\/www.beta-iks.pl\/index.php\/wp-json\/wp\/v2\/pages\/215"}],"collection":[{"href":"https:\/\/www.beta-iks.pl\/index.php\/wp-json\/wp\/v2\/pages"}],"about":[{"href":"https:\/\/www.beta-iks.pl\/index.php\/wp-json\/wp\/v2\/types\/page"}],"author":[{"embeddable":true,"href":"https:\/\/www.beta-iks.pl\/index.php\/wp-json\/wp\/v2\/users\/1"}],"replies":[{"embeddable":true,"href":"https:\/\/www.beta-iks.pl\/index.php\/wp-json\/wp\/v2\/comments?post=215"}],"version-history":[{"count":7,"href":"https:\/\/www.beta-iks.pl\/index.php\/wp-json\/wp\/v2\/pages\/215\/revisions"}],"predecessor-version":[{"id":2201,"href":"https:\/\/www.beta-iks.pl\/index.php\/wp-json\/wp\/v2\/pages\/215\/revisions\/2201"}],"wp:attachment":[{"href":"https:\/\/www.beta-iks.pl\/index.php\/wp-json\/wp\/v2\/media?parent=215"}],"curies":[{"name":"wp","href":"https:\/\/api.w.org\/{rel}","templated":true}]}}